{"id":130,"date":"2021-01-22T22:14:08","date_gmt":"2021-01-22T21:14:08","guid":{"rendered":"https:\/\/iberproteccion.com\/?page_id=130"},"modified":"2022-12-14T12:37:32","modified_gmt":"2022-12-14T11:37:32","slug":"politica-de-privacidad","status":"publish","type":"page","link":"https:\/\/iberproteccion.com\/index.php\/politica-de-privacidad\/","title":{"rendered":"Pol\u00edtica de privacidad"},"content":{"rendered":"\t\t<div data-elementor-type=\"wp-page\" data-elementor-id=\"130\" class=\"elementor elementor-130\" data-elementor-post-type=\"page\">\n\t\t\t\t\t\t<section class=\"elementor-section elementor-top-section elementor-element elementor-element-3b7e589 elementor-section-full_width elementor-section-height-default elementor-section-height-default\" data-id=\"3b7e589\" data-element_type=\"section\" data-e-type=\"section\">\n\t\t\t\t\t\t<div class=\"elementor-container elementor-column-gap-wider\">\n\t\t\t\t\t<div class=\"elementor-column elementor-col-100 elementor-top-column elementor-element elementor-element-3d112f6\" data-id=\"3d112f6\" data-element_type=\"column\" data-e-type=\"column\">\n\t\t\t<div class=\"elementor-widget-wrap elementor-element-populated\">\n\t\t\t\t\t\t<div class=\"elementor-element elementor-element-f17b90a elementor-widget elementor-widget-heading\" data-id=\"f17b90a\" data-element_type=\"widget\" data-e-type=\"widget\" data-widget_type=\"heading.default\">\n\t\t\t\t<div class=\"elementor-widget-container\">\n\t\t\t\t\t<h2 class=\"elementor-heading-title elementor-size-default\">Pol\u00edtica de Privacidad<\/h2>\t\t\t\t<\/div>\n\t\t\t\t<\/div>\n\t\t\t\t<div class=\"elementor-element elementor-element-273bd57 elementor-widget elementor-widget-text-editor\" data-id=\"273bd57\" data-element_type=\"widget\" data-e-type=\"widget\" data-widget_type=\"text-editor.default\">\n\t\t\t\t<div class=\"elementor-widget-container\">\n\t\t\t\t\t\t\t\t\t<p>Esta Pol\u00edtica de Privacidad se aplicar\u00e1 a los siguientes servicios desarrollados por <strong>MAR\u00cdA DE LOS MILAGROS ESPINA CALLEJA &#8211; IBERPROTECCI\u00d3N:<\/strong><\/p>\n<ul>\n<li>ASESOR\u00cdA Y CONSULTOR\u00cdA EN PROTECCI\u00d3N DE DATOS.<strong> <br><\/strong><\/li>\n<\/ul>\n<ol>\n<li><strong>RESPONSABLE DEL TRATAMIENTO<\/strong>: \u00bfQui\u00e9n es el responsable de sus datos?<\/li>\n<\/ol>\n<p>El Responsable del Tratamiento es aquella persona que decide el uso que se les da a los datos que usted proporciona y, garantiza el correcto cumplimiento del Reglamento General de Protecci\u00f3n de Datos. Adem\u00e1s, es aquella persona a la que usted podr\u00e1 dirigirse en cualquier momento para resolver aquellas dudas que pudieran surgirle y para ejercer sus derechos.<\/p>\n<p>&nbsp;&nbsp;&nbsp;&nbsp;&nbsp;&nbsp;&nbsp;&nbsp;&nbsp; A continuaci\u00f3n, se describen los datos identificativos y de contacto del Responsable del Tratamiento en <strong>MAR\u00cdA MILAGROS ESPINA CALLEJA<\/strong>:<\/p>\n<p><strong>Titular<\/strong>: MAR\u00cdA DE LOS MILAGROS ESPINA CALLEJA<\/p>\n<p><strong>NIF.<\/strong>: 12749865-E<\/p>\n<p><strong>Domicilio Social<\/strong>: Paseo del otero, 7 Bj Izq 34002 Palencia <\/p>\n<p><strong>Correo electr\u00f3nico<\/strong>: <a href=\"mailto:administracion@iberproteccion.es\">administracion@iberproteccion.es<\/a><\/p>\n<ol start=\"2\">\n<li><strong>CATEGOR\u00cdAS DE DATOS TRATADOS<\/strong>: \u00bfQu\u00e9 tipo de datos tratamos?<\/li>\n<\/ol>\n<p>Podemos tratar las siguientes categor\u00edas de datos personales.<\/p>\n<ul>\n<li>Datos identificativos.<\/li>\n<li>Datos acad\u00e9micos y profesionales.<\/li>\n<li>Datos econ\u00f3micos, financieros, bancarios.<\/li>\n<\/ul>\n<ol start=\"3\">\n<li><strong>FINALIDAD DEL TRATAMIENTO DE LOS DATOS<\/strong>: \u00bfPara qu\u00e9 utilizaremos sus datos personales?<\/li>\n<\/ol>\n<p><strong>MAR\u00cdA MILAGROS ESPINA CALLEJA<\/strong> tratar\u00e1 sus datos personales, de manera manual y\/o automatizada, para las siguientes finalidades:<\/p>\n<ul>\n<li>REGISTRO<\/li>\n<li>GESTI\u00d3N DE CONTRATACI\u00d3N DE SERVICIOS<\/li>\n<li>FACTURACI\u00d3N<\/li>\n<li>REMISI\u00d3N DE INFORMACI\u00d3N COMERCIAL<\/li>\n<li>GESTI\u00d3N DE SOLICITUDES DE EMPLEO<\/li>\n<li>CUMPLIMIENTO DE OBLIGACIONES LEGALES<\/li>\n<\/ul>\n<p>Adem\u00e1s, la finalidad del tratamiento de datos es ofrecer por parte de <strong>MAR\u00cdA DE LOS MILAGROS ESPINA CALLEJA<\/strong> servicios m\u00e1s personalizados y ajustados a sus necesidades.<\/p>\n<ol start=\"4\">\n<li><strong>LEGITIMACI\u00d3N<\/strong>: \u00bfCu\u00e1l es la legitimaci\u00f3n para el tratamiento de sus datos?<\/li>\n<\/ol>\n<p>La legitimaci\u00f3n para el tratamiento de sus datos por parte de <strong>MAR\u00cdA DE LOS MILAGROS ESPINA CALLE<\/strong> se encuentra en (<em>art\u00edculo 6 Reglamento General de Protecci\u00f3n de Datos<\/em>):<\/p>\n<ul>\n<li>Consentimiento del interesado para el tratamiento espec\u00edfico de sus datos personales, solicitado para el caso concreto.<\/li>\n<li>La ejecuci\u00f3n del contrato.<\/li>\n<li>Inter\u00e9s leg\u00edtimo en virtud de la normativa vigente.<\/li>\n<li>Obligaciones legales.<\/li>\n<\/ul>\n<ol start=\"5\">\n<li><strong>DESTINATARIOS DE SUS DATOS PERSONALES<\/strong>: \u00bfA qui\u00e9n podremos comunicar sus datos?<\/li>\n<\/ol>\n<p>Los destinatarios de los datos que nos proporcione ser\u00e1n los siguientes:<\/p>\n<ul>\n<li>Las Fuerzas y Cuerpos de Seguridad del Estado y, en general, cualquier autoridad competente, cuando as\u00ed lo establezca la Ley.<\/li>\n<\/ul>\n<ol start=\"6\">\n<li><strong>TRANSFERENCIA A TERCEROS PA\u00cdSES U ORGANISMOS INTERNACIONALES<\/strong>: \u00bfTransferiremos sus datos a terceros pa\u00edses?<\/li>\n<\/ol>\n<p><strong>MAR\u00cdA DE LOS MILAGROS ESPINA CALLEJA<\/strong> no tiene intenci\u00f3n de hacer transferencia alguna de sus datos a terceros pa\u00edses u organismos internacionales de ning\u00fan tipo.<\/p>\n<ol start=\"7\">\n<li><strong>DURACI\u00d3N<\/strong>: \u00bfCu\u00e1nto tiempo guardamos sus datos?<\/li>\n<\/ol>\n<p><strong>MAR\u00cdA DE LOS MILAGROS ESPINA CALLEJA<\/strong> tratar\u00e1 sus datos personales durante el tiempo necesario para la realizaci\u00f3n de las finalidades para las que fueron recabados, mientras no revoque los consentimientos otorgados. Posteriormente, si resulta necesario, <strong>MAR\u00cdA DE LOS MILAGROS ESPINA CALLEJA <\/strong>mantendr\u00e1 la informaci\u00f3n bloqueada los plazos legalmente establecidos para cualquier acci\u00f3n que pueda devenir del tratamiento.<\/p>\n<ol start=\"8\">\n<li><strong>SUS DERECHOS<\/strong>: \u00bfQu\u00e9 derechos tienen?<\/li>\n<\/ol>\n<p>Puede enviarnos un escrito a la direcci\u00f3n de la empresa: Paseo del otero, 7 Bj Izq 34002 Palencia , un correo electr\u00f3nico a <a href=\"mailto:administraci\u00f3n@iberproteccion.es\">administraci\u00f3n@iberproteccion.es<\/a> o contactar con nosotros a trav\u00e9s del tel\u00e9fono de contacto 979 068 798 para ejercer los siguientes derechos:<\/p>\n<ul>\n<li>Derecho de acceso: usted tiene derecho a que <strong>MAR\u00cdA DE LOS MILAGROS ESPINA CALLEJA<\/strong> le confirme si se est\u00e1n tratando o no sus datos personales y, en su caso, a solicitar el acceso a los mismos y a determinada informaci\u00f3n sobre el tratamiento (<em>fines, categor\u00edas de datos tratados y destinatarios, etc.<\/em>).<\/li>\n<li>Derecho de rectificaci\u00f3n: usted tiene derecho a exigir la correcci\u00f3n de datos inexactos.<\/li>\n<li>Derecho de supresi\u00f3n (<em>derecho al olvido<\/em>): derecho a solicitar que sus datos sean borrados cuando estos ya no sean necesarios para los fines para los que fueron recogidos, retire su consentimiento original, se oponga al tratamiento dado de los datos o los mismos hayan sido utilizados de manera ilegal.<\/li>\n<li>Derecho de limitaci\u00f3n del tratamiento: usted podr\u00e1 solicitar que se limite el tratamiento de sus datos personales, siendo estos \u00fanicamente tratados para el ejercicio o defensa de las reclamaciones, en determinadas circunstancias, por ejemplo, en el caso de que impugne la exactitud de sus datos, mientras se verifica la fidelidad de los mismos.<\/li>\n<li>Derecho a la portabilidad de los datos: usted tiene derecho a recibir los datos personales en un formato estructurado, de manera clara y precisa y a transmitirlos a otros Responsables del Tratamiento sin que el responsable al que se los hubiera facilitado se lo impida, en los supuestos previstos legalmente.<\/li>\n<li>Derecho de oposici\u00f3n: usted tiene derecho a oponerse al tratamiento de sus datos, en cualquier momento, por motivos particulares. Del mismo modo puede oponerse a que sus datos sean utilizados para la elaboraci\u00f3n de perfiles.<\/li>\n<li>Derecho a no ser objeto de decisiones automatizadas: por \u00faltimo, usted puede negarse a ser objeto de una decisi\u00f3n basada \u00fanicamente en el tratamiento de sus datos y que provoque efectos jur\u00eddicos o le afecte de modo significativo, incluida la elaboraci\u00f3n de perfiles.<\/li>\n<\/ul>\n<ol start=\"9\">\n<li><strong>RECLAMACIONES<\/strong>: \u00bfC\u00f3mo se tramitan las reclamaciones?<\/li>\n<\/ol>\n<p>Podr\u00e1 usted dirigirse a <strong>MAR\u00cdA DE LOS MILAGROS ESPINA CALLEJA<\/strong> o en el correo electr\u00f3nico <a href=\"mailto:administracion@iberproteccion.es\">administracion@iberproteccion.es<\/a> para la presentaci\u00f3n de quejas o reclamaciones en relaci\u00f3n con la pol\u00edtica de privacidad.<\/p>\n<p>&nbsp;&nbsp;&nbsp;&nbsp;&nbsp;&nbsp;&nbsp;&nbsp;&nbsp; Tambi\u00e9n tendr\u00e1 derecho a presentar una reclamaci\u00f3n ante la Agencia Espa\u00f1ola de Protecci\u00f3n de Datos en especial, cuando no haya visto satisfechos el ejercicio de sus derechos. Para m\u00e1s informaci\u00f3n puede consultar su p\u00e1gina web: <a href=\"http:\/\/www.agpd.es\">www.agpd.es<\/a>.<\/p>\t\t\t\t\t\t\t\t<\/div>\n\t\t\t\t<\/div>\n\t\t\t\t\t<\/div>\n\t\t<\/div>\n\t\t\t\t\t<\/div>\n\t\t<\/section>\n\t\t\t\t<\/div>\n\t\t","protected":false},"excerpt":{"rendered":"<p>Pol\u00edtica de Privacidad Esta Pol\u00edtica de Privacidad se aplicar\u00e1 a los siguientes servicios desarrollados por MAR\u00cdA DE LOS MILAGROS ESPINA CALLEJA &#8211; IBERPROTECCI\u00d3N: ASESOR\u00cdA Y CONSULTOR\u00cdA EN PROTECCI\u00d3N DE DATOS. RESPONSABLE DEL TRATAMIENTO: \u00bfQui\u00e9n es el responsable de sus datos? El Responsable del Tratamiento es aquella persona que decide el uso que se les da [&hellip;]<\/p>\n","protected":false},"author":1,"featured_media":0,"parent":0,"menu_order":0,"comment_status":"closed","ping_status":"closed","template":"","meta":{"site-sidebar-layout":"no-sidebar","site-content-layout":"page-builder","ast-site-content-layout":"default","site-content-style":"default","site-sidebar-style":"default","ast-global-header-display":"","ast-banner-title-visibility":"","ast-main-header-display":"disabled","ast-hfb-above-header-display":"","ast-hfb-below-header-display":"","ast-hfb-mobile-header-display":"","site-post-title":"disabled","ast-breadcrumbs-content":"disabled","ast-featured-img":"disabled","footer-sml-layout":"disabled","ast-disable-related-posts":"","theme-transparent-header-meta":"default","adv-header-id-meta":"","stick-header-meta":"","header-above-stick-meta":"","header-main-stick-meta":"","header-below-stick-meta":"","astra-migrate-meta-layouts":"default","ast-page-background-enabled":"default","ast-page-background-meta":{"desktop":{"background-color":"","background-image":"","background-repeat":"repeat","background-position":"center center","background-size":"auto","background-attachment":"scroll","background-type":"","background-media":"","overlay-type":"","overlay-color":"","overlay-opacity":"","overlay-gradient":""},"tablet":{"background-color":"","background-image":"","background-repeat":"repeat","background-position":"center center","background-size":"auto","background-attachment":"scroll","background-type":"","background-media":"","overlay-type":"","overlay-color":"","overlay-opacity":"","overlay-gradient":""},"mobile":{"background-color":"","background-image":"","background-repeat":"repeat","background-position":"center center","background-size":"auto","background-attachment":"scroll","background-type":"","background-media":"","overlay-type":"","overlay-color":"","overlay-opacity":"","overlay-gradient":""}},"ast-content-background-meta":{"desktop":{"background-color":"var(--ast-global-color-5)","background-image":"","background-repeat":"repeat","background-position":"center center","background-size":"auto","background-attachment":"scroll","background-type":"","background-media":"","overlay-type":"","overlay-color":"","overlay-opacity":"","overlay-gradient":""},"tablet":{"background-color":"var(--ast-global-color-5)","background-image":"","background-repeat":"repeat","background-position":"center center","background-size":"auto","background-attachment":"scroll","background-type":"","background-media":"","overlay-type":"","overlay-color":"","overlay-opacity":"","overlay-gradient":""},"mobile":{"background-color":"var(--ast-global-color-5)","background-image":"","background-repeat":"repeat","background-position":"center center","background-size":"auto","background-attachment":"scroll","background-type":"","background-media":"","overlay-type":"","overlay-color":"","overlay-opacity":"","overlay-gradient":""}},"footnotes":""},"class_list":["post-130","page","type-page","status-publish","hentry"],"yoast_head":"<!-- This site is optimized with the Yoast SEO plugin v27.4 - https:\/\/yoast.com\/product\/yoast-seo-wordpress\/ -->\n<title>Pol\u00edtica de privacidad - Iberprotecci\u00f3n<\/title>\n<meta name=\"robots\" content=\"index, follow, max-snippet:-1, max-image-preview:large, max-video-preview:-1\" \/>\n<link rel=\"canonical\" href=\"https:\/\/iberproteccion.com\/index.php\/politica-de-privacidad\/\" \/>\n<meta property=\"og:locale\" content=\"es_ES\" \/>\n<meta property=\"og:type\" content=\"article\" \/>\n<meta property=\"og:title\" content=\"Pol\u00edtica de privacidad - Iberprotecci\u00f3n\" \/>\n<meta property=\"og:description\" content=\"Pol\u00edtica de Privacidad Esta Pol\u00edtica de Privacidad se aplicar\u00e1 a los siguientes servicios desarrollados por MAR\u00cdA DE LOS MILAGROS ESPINA CALLEJA &#8211; IBERPROTECCI\u00d3N: ASESOR\u00cdA Y CONSULTOR\u00cdA EN PROTECCI\u00d3N DE DATOS. RESPONSABLE DEL TRATAMIENTO: \u00bfQui\u00e9n es el responsable de sus datos? El Responsable del Tratamiento es aquella persona que decide el uso que se les da [&hellip;]\" \/>\n<meta property=\"og:url\" content=\"https:\/\/iberproteccion.com\/index.php\/politica-de-privacidad\/\" \/>\n<meta property=\"og:site_name\" content=\"Iberprotecci\u00f3n\" \/>\n<meta property=\"article:modified_time\" content=\"2022-12-14T11:37:32+00:00\" \/>\n<meta name=\"twitter:card\" content=\"summary_large_image\" \/>\n<meta name=\"twitter:label1\" content=\"Tiempo de lectura\" \/>\n\t<meta name=\"twitter:data1\" content=\"4 minutos\" \/>\n<script type=\"application\/ld+json\" class=\"yoast-schema-graph\">{\"@context\":\"https:\\\/\\\/schema.org\",\"@graph\":[{\"@type\":\"WebPage\",\"@id\":\"https:\\\/\\\/iberproteccion.com\\\/index.php\\\/politica-de-privacidad\\\/\",\"url\":\"https:\\\/\\\/iberproteccion.com\\\/index.php\\\/politica-de-privacidad\\\/\",\"name\":\"Pol\u00edtica de privacidad - Iberprotecci\u00f3n\",\"isPartOf\":{\"@id\":\"https:\\\/\\\/iberproteccion.com\\\/#website\"},\"datePublished\":\"2021-01-22T21:14:08+00:00\",\"dateModified\":\"2022-12-14T11:37:32+00:00\",\"breadcrumb\":{\"@id\":\"https:\\\/\\\/iberproteccion.com\\\/index.php\\\/politica-de-privacidad\\\/#breadcrumb\"},\"inLanguage\":\"es\",\"potentialAction\":[{\"@type\":\"ReadAction\",\"target\":[\"https:\\\/\\\/iberproteccion.com\\\/index.php\\\/politica-de-privacidad\\\/\"]}]},{\"@type\":\"BreadcrumbList\",\"@id\":\"https:\\\/\\\/iberproteccion.com\\\/index.php\\\/politica-de-privacidad\\\/#breadcrumb\",\"itemListElement\":[{\"@type\":\"ListItem\",\"position\":1,\"name\":\"Home\",\"item\":\"https:\\\/\\\/iberproteccion.com\\\/\"},{\"@type\":\"ListItem\",\"position\":2,\"name\":\"Pol\u00edtica de privacidad\"}]},{\"@type\":\"WebSite\",\"@id\":\"https:\\\/\\\/iberproteccion.com\\\/#website\",\"url\":\"https:\\\/\\\/iberproteccion.com\\\/\",\"name\":\"Iberprotecci\u00f3n\",\"description\":\"Iberprotecci\u00f3n\",\"publisher\":{\"@id\":\"https:\\\/\\\/iberproteccion.com\\\/#organization\"},\"potentialAction\":[{\"@type\":\"SearchAction\",\"target\":{\"@type\":\"EntryPoint\",\"urlTemplate\":\"https:\\\/\\\/iberproteccion.com\\\/?s={search_term_string}\"},\"query-input\":{\"@type\":\"PropertyValueSpecification\",\"valueRequired\":true,\"valueName\":\"search_term_string\"}}],\"inLanguage\":\"es\"},{\"@type\":\"Organization\",\"@id\":\"https:\\\/\\\/iberproteccion.com\\\/#organization\",\"name\":\"Iberprotecci\u00f3n\",\"url\":\"https:\\\/\\\/iberproteccion.com\\\/\",\"logo\":{\"@type\":\"ImageObject\",\"inLanguage\":\"es\",\"@id\":\"https:\\\/\\\/iberproteccion.com\\\/#\\\/schema\\\/logo\\\/image\\\/\",\"url\":\"https:\\\/\\\/iberproteccion.com\\\/wp-content\\\/uploads\\\/2021\\\/01\\\/Logo-iberproteccion.png\",\"contentUrl\":\"https:\\\/\\\/iberproteccion.com\\\/wp-content\\\/uploads\\\/2021\\\/01\\\/Logo-iberproteccion.png\",\"width\":997,\"height\":337,\"caption\":\"Iberprotecci\u00f3n\"},\"image\":{\"@id\":\"https:\\\/\\\/iberproteccion.com\\\/#\\\/schema\\\/logo\\\/image\\\/\"}}]}<\/script>\n<!-- \/ Yoast SEO plugin. -->","yoast_head_json":{"title":"Pol\u00edtica de privacidad - Iberprotecci\u00f3n","robots":{"index":"index","follow":"follow","max-snippet":"max-snippet:-1","max-image-preview":"max-image-preview:large","max-video-preview":"max-video-preview:-1"},"canonical":"https:\/\/iberproteccion.com\/index.php\/politica-de-privacidad\/","og_locale":"es_ES","og_type":"article","og_title":"Pol\u00edtica de privacidad - Iberprotecci\u00f3n","og_description":"Pol\u00edtica de Privacidad Esta Pol\u00edtica de Privacidad se aplicar\u00e1 a los siguientes servicios desarrollados por MAR\u00cdA DE LOS MILAGROS ESPINA CALLEJA &#8211; IBERPROTECCI\u00d3N: ASESOR\u00cdA Y CONSULTOR\u00cdA EN PROTECCI\u00d3N DE DATOS. RESPONSABLE DEL TRATAMIENTO: \u00bfQui\u00e9n es el responsable de sus datos? El Responsable del Tratamiento es aquella persona que decide el uso que se les da [&hellip;]","og_url":"https:\/\/iberproteccion.com\/index.php\/politica-de-privacidad\/","og_site_name":"Iberprotecci\u00f3n","article_modified_time":"2022-12-14T11:37:32+00:00","twitter_card":"summary_large_image","twitter_misc":{"Tiempo de lectura":"4 minutos"},"schema":{"@context":"https:\/\/schema.org","@graph":[{"@type":"WebPage","@id":"https:\/\/iberproteccion.com\/index.php\/politica-de-privacidad\/","url":"https:\/\/iberproteccion.com\/index.php\/politica-de-privacidad\/","name":"Pol\u00edtica de privacidad - Iberprotecci\u00f3n","isPartOf":{"@id":"https:\/\/iberproteccion.com\/#website"},"datePublished":"2021-01-22T21:14:08+00:00","dateModified":"2022-12-14T11:37:32+00:00","breadcrumb":{"@id":"https:\/\/iberproteccion.com\/index.php\/politica-de-privacidad\/#breadcrumb"},"inLanguage":"es","potentialAction":[{"@type":"ReadAction","target":["https:\/\/iberproteccion.com\/index.php\/politica-de-privacidad\/"]}]},{"@type":"BreadcrumbList","@id":"https:\/\/iberproteccion.com\/index.php\/politica-de-privacidad\/#breadcrumb","itemListElement":[{"@type":"ListItem","position":1,"name":"Home","item":"https:\/\/iberproteccion.com\/"},{"@type":"ListItem","position":2,"name":"Pol\u00edtica de privacidad"}]},{"@type":"WebSite","@id":"https:\/\/iberproteccion.com\/#website","url":"https:\/\/iberproteccion.com\/","name":"Iberprotecci\u00f3n","description":"Iberprotecci\u00f3n","publisher":{"@id":"https:\/\/iberproteccion.com\/#organization"},"potentialAction":[{"@type":"SearchAction","target":{"@type":"EntryPoint","urlTemplate":"https:\/\/iberproteccion.com\/?s={search_term_string}"},"query-input":{"@type":"PropertyValueSpecification","valueRequired":true,"valueName":"search_term_string"}}],"inLanguage":"es"},{"@type":"Organization","@id":"https:\/\/iberproteccion.com\/#organization","name":"Iberprotecci\u00f3n","url":"https:\/\/iberproteccion.com\/","logo":{"@type":"ImageObject","inLanguage":"es","@id":"https:\/\/iberproteccion.com\/#\/schema\/logo\/image\/","url":"https:\/\/iberproteccion.com\/wp-content\/uploads\/2021\/01\/Logo-iberproteccion.png","contentUrl":"https:\/\/iberproteccion.com\/wp-content\/uploads\/2021\/01\/Logo-iberproteccion.png","width":997,"height":337,"caption":"Iberprotecci\u00f3n"},"image":{"@id":"https:\/\/iberproteccion.com\/#\/schema\/logo\/image\/"}}]}},"_links":{"self":[{"href":"https:\/\/iberproteccion.com\/index.php\/wp-json\/wp\/v2\/pages\/130","targetHints":{"allow":["GET"]}}],"collection":[{"href":"https:\/\/iberproteccion.com\/index.php\/wp-json\/wp\/v2\/pages"}],"about":[{"href":"https:\/\/iberproteccion.com\/index.php\/wp-json\/wp\/v2\/types\/page"}],"author":[{"embeddable":true,"href":"https:\/\/iberproteccion.com\/index.php\/wp-json\/wp\/v2\/users\/1"}],"replies":[{"embeddable":true,"href":"https:\/\/iberproteccion.com\/index.php\/wp-json\/wp\/v2\/comments?post=130"}],"version-history":[{"count":6,"href":"https:\/\/iberproteccion.com\/index.php\/wp-json\/wp\/v2\/pages\/130\/revisions"}],"predecessor-version":[{"id":215,"href":"https:\/\/iberproteccion.com\/index.php\/wp-json\/wp\/v2\/pages\/130\/revisions\/215"}],"wp:attachment":[{"href":"https:\/\/iberproteccion.com\/index.php\/wp-json\/wp\/v2\/media?parent=130"}],"curies":[{"name":"wp","href":"https:\/\/api.w.org\/{rel}","templated":true}]}}